{"id":183,"date":"2021-08-31T13:04:51","date_gmt":"2021-08-31T13:04:51","guid":{"rendered":"https:\/\/elegant-chaplygin.217-160-63-39.plesk.page\/?page_id=183"},"modified":"2021-08-31T16:35:51","modified_gmt":"2021-08-31T16:35:51","slug":"ueber-uns","status":"publish","type":"page","link":"https:\/\/www.earlybird-sales.de\/index.php\/ueber-uns\/","title":{"rendered":"\u00dcber uns"},"content":{"rendered":"\n<p><strong>Wir verbinden<\/strong> Industrie, Distribution, Gro\u00df- und Einzelhandel mit Leidenschaft, <br>Emotion, Zielstrebigkeit, Kompetenz und einem starken Netzwerk.<\/p>\n\n\n\n<p><strong>Wir schaffen<\/strong> Vertrauen und nachhaltige Erfolge durch Offenheit und Transparenz; <br>die Basis bilden unsere hervorragenden Beziehungen zu unseren Gesch\u00e4ftspartnern.<\/p>\n\n\n\n<p><strong>Wir glauben<\/strong> an den station\u00e4ren Handel als kompetenten, zukunftsf\u00e4higen Vertriebskanal <br>f\u00fcr erkl\u00e4rungsbed\u00fcrftige Produkte.<\/p>\n\n\n\n<p><strong>Wir konzentrieren <\/strong>uns im Onlinehandel auf die f\u00fchrenden Handelspartner <br>um gr\u00f6\u00dftm\u00f6gliche Effizienz zu erreichen.<\/p>\n\n\n\n<p><strong>Wir beraten <\/strong>unsere Gesch\u00e4ftspartner aus Handel und Industrie <br>hinsichtlich Verkaufspr\u00e4sentation (PoS) und Ladengestaltung.<\/p>\n\n\n\n<p><strong>Wir aktivieren <\/strong>durch gezieltes Training des Verkaufspersonals die Emotion <br>f\u00fcr das Produkt um erfolgreich am P.o.S. zu verkaufen.<\/p>\n\n\n\n<p><strong>Wir leben<\/strong> Vertrieb, erfolgreich seit mehr als 25 Jahren!<\/p>\n\n\n\n<p style=\"font-size:30px\"><strong>Leistungen<\/strong><\/p>\n\n\n\n<p>\u2022 Market Entry \/ Markteinf\u00fchrung neuer Produkte<br>\u2022 Jahres- \/ Listungsgespr\u00e4che<br>\u2022 Neukundenakquise \/ Kaltakquise und Kundenbetreuung<br>\u2022 Key Account Management<br>\u2022 Interims Management<br>\u2022 Durchf\u00fchrung von Verkaufsaktionen<br>\u2022 Durchf\u00fchrung von \u201eTraining on the Job\u201c oder Tagesschulungen beim Kunden<br>\u2022 Teilnahme an Messen<br>\u2022 Marktforschung am PoS<br>\u2022 Steuerung der Kommunikation zwischen Auftraggeber und Handel<br><\/p>\n\n\n\n<p>Die Verg\u00fctung erfolgt erfolgsabh\u00e4ngig \u00fcber eine<br>Vertriebsprovision &#8211; erfolgreiche Arbeit wird honoriert!<br>Tageshonorare f\u00fcr Schulungen und Messen auf Anfrage<br><strong>&lt;&lt;&lt; lassen Sie uns miteinander sprechen! &gt;&gt;&gt;<\/strong><\/p>\n","protected":false},"excerpt":{"rendered":"<p>Wir verbinden Industrie, Distribution, Gro\u00df- und Einzelhandel mit Leidenschaft, Emotion, Zielstrebigkeit, Kompetenz und einem starken Netzwerk. Wir schaffen Vertrauen und nachhaltige Erfolge durch Offenheit und Transparenz; die Basis bilden unsere hervorragenden Beziehungen zu unseren Gesch\u00e4ftspartnern. Wir glauben an den station\u00e4ren Handel als kompetenten, zukunftsf\u00e4higen Vertriebskanal f\u00fcr erkl\u00e4rungsbed\u00fcrftige Produkte. Wir konzentrieren uns im Onlinehandel auf die&hellip;&nbsp;<a href=\"https:\/\/www.earlybird-sales.de\/index.php\/ueber-uns\/\" rel=\"bookmark\">Weiterlesen &raquo;<span class=\"screen-reader-text\">\u00dcber uns<\/span><\/a><\/p>\n","protected":false},"author":1,"featured_media":0,"parent":0,"menu_order":0,"comment_status":"closed","ping_status":"closed","template":"","meta":{"neve_meta_sidebar":"","neve_meta_container":"","neve_meta_enable_content_width":"","neve_meta_content_width":0,"neve_meta_title_alignment":"","neve_meta_author_avatar":"","neve_post_elements_order":"","neve_meta_disable_header":"","neve_meta_disable_footer":"","neve_meta_disable_title":"","_themeisle_gutenberg_block_has_review":false,"footnotes":""},"class_list":["post-183","page","type-page","status-publish","hentry"],"_links":{"self":[{"href":"https:\/\/www.earlybird-sales.de\/index.php\/wp-json\/wp\/v2\/pages\/183","targetHints":{"allow":["GET"]}}],"collection":[{"href":"https:\/\/www.earlybird-sales.de\/index.php\/wp-json\/wp\/v2\/pages"}],"about":[{"href":"https:\/\/www.earlybird-sales.de\/index.php\/wp-json\/wp\/v2\/types\/page"}],"author":[{"embeddable":true,"href":"https:\/\/www.earlybird-sales.de\/index.php\/wp-json\/wp\/v2\/users\/1"}],"replies":[{"embeddable":true,"href":"https:\/\/www.earlybird-sales.de\/index.php\/wp-json\/wp\/v2\/comments?post=183"}],"version-history":[{"count":4,"href":"https:\/\/www.earlybird-sales.de\/index.php\/wp-json\/wp\/v2\/pages\/183\/revisions"}],"predecessor-version":[{"id":234,"href":"https:\/\/www.earlybird-sales.de\/index.php\/wp-json\/wp\/v2\/pages\/183\/revisions\/234"}],"wp:attachment":[{"href":"https:\/\/www.earlybird-sales.de\/index.php\/wp-json\/wp\/v2\/media?parent=183"}],"curies":[{"name":"wp","href":"https:\/\/api.w.org\/{rel}","templated":true}]}}